{"id":114,"date":"2013-07-03T20:13:04","date_gmt":"2013-07-03T18:13:04","guid":{"rendered":"http:\/\/induljelegyuton.hu\/?page_id=114"},"modified":"2013-07-23T21:13:31","modified_gmt":"2013-07-23T19:13:31","slug":"bemutatkozas","status":"publish","type":"page","link":"https:\/\/induljelegyuton.hu\/","title":{"rendered":"Bemutatkoz\u00e1s"},"content":{"rendered":"<p>Egerben sz\u00fclettem 1973-ban \u00e9s iskol\u00e1imat is ebben a sz\u00e9p \u00e9s sz\u00ednes kisv\u00e1rosban v\u00e9geztem. Sz\u00fcleim gyakran vittek kir\u00e1ndulni &#8211; testv\u00e9reimmel egy\u00fctt -, de az tal\u00e1n m\u00e9g meghat\u00e1roz\u00f3bb volt az \u00e9letemben, hogy anyai \u00e9s apai nagysz\u00fcleim falun \u00e9ltek (Pal\u00f3cf\u00f6ld, Hegyalja), ahov\u00e1 gyakran elutaztunk. Egri lak\u00f3hely\u00fcnk pedig a v\u00e1ros sz\u00e9l\u00e9n volt, ahonnan egy nagyobb ugr\u00e1s volt a hat\u00e1r, kispatakkal, kiserd\u0151vel, gomb\u00e1z\u00f3 helyekkel. De m\u00e9g a t\u00e1rsash\u00e1z is csupa z\u00f6ld volt &#8211; f\u0171, fa, bokor \u2013 ahol legal\u00e1bb 14 szomsz\u00e9d-gyerek r\u00faghatta a labd\u00e1t, kergethette egym\u00e1st biciklivel, \u00e9p\u00edthetett \u201etany\u00e1t\u201d a boz\u00f3tosban.<\/p>\n<p>&nbsp;<\/p>\n<p>Sz\u00fcleimnek k\u00f6sz\u00f6nhet\u0151en 16 \u00e9ves koromra m\u00e1r bej\u00e1rtam haz\u00e1nk nagy r\u00e9sz\u00e9t. Nagy dolog! \u2013 mondhatj\u00e1k sokan, akiket k\u00fclf\u00f6ldre is elvittek. \u00c9n viszont mindent megjegyeztem, \u00e9s 25 \u00e9vvel k\u00e9s\u0151bb is fel tudtam id\u00e9zni a l\u00e1tottakat \u00e9s a t\u00f6rt\u00e9n\u00e9seket. \u00cdgy gyakran szoktam olyanokat \u00edrni, hogy erre, meg erre a nyolcvanas \u00e9vekben j\u00e1rtam testv\u00e9reimmel, \u00e9s \u2013 mondjuk &#8211; sz\u00fcrk\u00fclet volt, \u00e9s egy \u00e9p\u00edt\u0151munk\u00e1s vitt be a fel\u00faj\u00edt\u00e1s alatt l\u00e9v\u0151 v\u00e1rromba\u2026<\/p>\n<p>14 \u00e9vesen Zoli bar\u00e1tommal tett\u00fcnk egy kimer\u00edt\u0151 kir\u00e1ndul\u00e1st az \u00c9lesk\u0151- \u00e9s a Gerenna-v\u00e1rakhoz. Ehhez egy \u00e1s\u00f3-f\u00e9l\u00e9t is bark\u00e1csoltam, hogy a betemetett falr\u00e9szleteket ki tudjam \u00e1sni, hogy lefot\u00f3zhassam. Persze alig tudtuk megm\u00e1szni a v\u00e1rhegyeket, s az els\u0151 romot meg sem tal\u00e1ltuk\u2026<\/p>\n<p>&nbsp;<\/p>\n<p>13-14 \u00e9vesen kezdtem meg\u00f6r\u00f6k\u00edteni a term\u00e9szetet. El\u0151sz\u00f6r egy NDK-s Beirette f\u00e9nyk\u00e9pez\u0151g\u00e9ppel, azt\u00e1n egyre \u201ekomolyabb\u201d eszk\u00f6z\u00f6kkel \u2013 Zenittel, Praktic\u00e1val, majd Nikonnal &#8211; \u00e9s egyre ig\u00e9nyesebben. 1992-t\u0151l 2007-ig egy-k\u00e9t \u00e9v megszak\u00edt\u00e1ssal diapozit\u00edvra f\u00e9nyk\u00e9peztem, \u00e9s \u00e9lveztem a sz\u00ednh\u0171s\u00e9get, illetve a vet\u00edt\u00e9s lehet\u0151s\u00e9g\u00e9t. 2007 \u00f3ta digit\u00e1lis kamer\u00e1t haszn\u00e1lok, most egy Nikon D3100-at.<\/p>\n<p>1996-t\u00f3l sz\u00e1mos fot\u00f3ki\u00e1ll\u00edt\u00e1som volt Egerben, Gy\u00f6ngy\u00f6s\u00f6n \u00e9s Budapesten. F\u0151leg \u00a0term\u00e9szetfot\u00f3imb\u00f3l \u00e1ll\u00edtottam ki, de az ember alkotta, \u00e9p\u00edt\u00e9szeti l\u00e1tnival\u00f3k is kedvelt t\u00e9m\u00e1im k\u00f6z\u00e9 tartoznak. J\u00f3 visszajelz\u00e9seket kaptam, \u00e9reztem, hogy siker\u00fclt m\u00e1s szemsz\u00f6gb\u0151l \u201emegfognom\u201d a term\u00e9szetj\u00e1r\u00e1st \u00e9s a term\u00e9szetet. P\u00e1ly\u00e1zatokon is indultam \u2013 els\u0151sorban a Heves Megyei Fot\u00f3klub tagjak\u00e9nt \u2013 \u00e9s t\u00f6bb d\u00edjat nyertem: t\u00f6bbnyire k\u00eds\u00e9rletez\u0151, \u00e9s dupl\u00e1n expon\u00e1lt kompoz\u00edci\u00f3immal arattam sikereket. (Legszebb eredm\u00e9nyem az 1998-as \u00c9szak-magyarorsz\u00e1gi Fot\u00f3szemle I. d\u00edja) Grafikai munk\u00e1imb\u00f3l is rendeztem n\u00e9h\u00e1ny t\u00e1rlatot, amihez a fot\u00f3-mont\u00e1zs technika ezernyi megk\u00f6zel\u00edt\u00e9s\u00e9b\u0151l v\u00e1logattam.<\/p>\n<p>&nbsp;<\/p>\n<p>1992-ben gimnazistak\u00e9nt vettem r\u00e9szt els\u0151 s\u00e1tras v\u00e1ndort\u00far\u00e1mon a Zempl\u00e9nben, amelyet \u2013 nagy b\u00e1tors\u00e1ggal \u2013 t\u00f6rt\u00e9nelemtan\u00e1rom, Varga S\u00e1ndor szervezett, s ez a v\u00e1ndorl\u00e1s \u201emegpecs\u00e9telte sorsomat\u201d. Enn\u00e9l, a \u201ereggelt\u0151l-estig kaland\u201d-m\u0171fajn\u00e1l nem ismerek \u00e9lvezetesebbet. 1994-ben t\u00far\u00e1ztam el\u0151sz\u00f6r \u00edgy, a Bihar-hegys\u00e9gben, majd a Retyez\u00e1tban. 1996-ban tettem meg els\u0151 teljes\u00edtm\u00e9nyt\u00far\u00e1mat, az 56 kilom\u00e9teres M\u00e1tra-b\u00e9rcet, ami t\u00fal er\u0151s kezd\u00e9snek bizonyult &#8211; 2003-ban vettem r\u00e9szt a k\u00f6vetkez\u0151 teljes\u00edtm\u00e9nyt\u00far\u00e1n\u2026 Jobban szeretem a saj\u00e1t temp\u00f3mat, sok f\u00e9nyk\u00e9pez\u00e9ssel, utak-t\u00e1jak felfedez\u00e9s\u00e9vel, a j\u00e1rt utat a j\u00e1ratlan\u00e9rt pedig gyakran elhagyom\u2026<\/p>\n<p>&nbsp;<\/p>\n<p>1999-t\u0151l Budapesten \u00e9lek, de ink\u00e1bb egrinek vallom ma is magam. V\u00e9gzetts\u00e9gem szerint f\u00f6ldrajz-rajz tan\u00e1r vagyok, de t\u00f6bbnyire t\u00f6rdel\u0151-grafikusk\u00e9nt, szerkeszt\u0151k\u00e9nt dolgoztam\/dolgozom, n\u00e9ha illusztr\u00e1lok \u00e9s \u00edrok, \u00edrok, mert megyek \u00e9s l\u00e1tok\u2026<\/p>\n<p>2000-ben az Anubisz-barlang\u00e1szok mellett beleszerettem a \u2013 kor\u00e1bban piszkos \u0151r\u00fclts\u00e9gnek tartott &#8211; barlang\u00e1sz\u00e1sba, majd 2006-ban elv\u00e9geztem egy alapfok\u00fa tanfolyamot is, \u00e9s r\u00f6vid ideig tagja voltam a Myotis Barlang\u00e1sz Egyes\u00fcletnek. Emellett belek\u00f3stoltam a sziklam\u00e1sz\u00e1sba, v\u00edzit\u00far\u00e1z\u00e1sba. Bronzjelv\u00e9nyes t\u00faravezet\u0151 vagyok, terepi vezet\u0151.<\/p>\n<p>Els\u0151 \u00e9lm\u00e9nybesz\u00e1mol\u00f3 \u00edr\u00e1saim (K\u00f6d\u00f6b\u00f6cz G\u00e1bor tan\u00e1r \u00far biztat\u00e1s\u00e1ra) az egri Lyceumi Paletta di\u00e1klapban jelentek meg \u2013 mai szemmel n\u00e9zve \u2013 nagyon szabatosan. Els\u0151 cikkeim a Turista Magazinban jelentek meg 2001-2003 k\u00f6z\u00f6tt, majd 2003-t\u00f3l a Magyar Turista \u00e1lland\u00f3 szerz\u0151je \u00e9s munkat\u00e1rsa lettem. 2005-t\u0151l t\u00f6rdeltem is a magazint. Gyakran jelennek meg \u00edr\u00e1saim m\u00e1s sz\u00f3rakoztat\u00f3- \u00e9s ismeretterjeszt\u0151 \u00fajs\u00e1gokban is.<\/p>\n<p>A t\u00far\u00e1z\u00e1s \u00e1lland\u00f3 \u00f6r\u00f6mforr\u00e1sa \u00e9letemnek: \u00f6r\u00f6kre sz\u00f3l\u00f3 \u00e9lm\u00e9nyem a Mont Blanc megm\u00e1sz\u00e1sa, ahov\u00e1 h\u00e1rom bar\u00e1tommal jutottam f\u00f6l. S azok a klettersteig-t\u00far\u00e1k, vagy a felvid\u00e9ki csatangol\u00e1sok &#8211; gyalog, bring\u00e1n, s\u00ednen, v\u00edzen\u2026<\/p>\n<p>2004-ben t\u00f6bbek seg\u00edts\u00e9g\u00e9vel megrendeztem az els\u0151 Buj\u00e1ki Kikelet teljes\u00edtm\u00e9nyt\u00far\u00e1t, amellyel a m\u00e9lt\u00e1nytalanul ismeretlen Buj\u00e1k k\u00f6zs\u00e9get, annak vadreg\u00e9nyes vid\u00e9k\u00e9t, l\u00e1tnival\u00f3it \u00e9s sz\u00ednes n\u00e9pviselet\u00e9t k\u00edv\u00e1ntam megmutatni a \u201enagyvil\u00e1gnak\u201d. A k\u00f6zkedveltt\u00e9 v\u00e1lt, csal\u00e1dias hangulat\u00fa rendezv\u00e9nyt 2008 \u00f3ta egyed\u00fcl rendezem, \u00e9s bar\u00e1taimmal bonyol\u00edtom le &#8211; 2013-ban volt a t\u00edzedik Buj\u00e1ki Kikelet.<\/p>\n<p>A szerencse \u00fagy hozta, hogy alkalomadt\u00e1n hat\u00e1rainkon t\u00fal is barangolhattam: l\u00e1ttam a b\u00e9csi Burgot, bebarangoltam It\u00e1li\u00e1t, megcsod\u00e1ltam Pr\u00e1ga esti f\u00e9nyeit, Krakk\u00f3 b\u00fcszke v\u00e1r\u00e1t, New York gr\u00e1nitszikl\u00e1it\u2026 S\u00e9t\u00e1lhattam a Genfi-t\u00f3 partj\u00e1n \u00e9s Kappad\u00f3kia t\u00fcnd\u00e9rk\u00e9m\u00e9nyeinek l\u00e1b\u00e1n\u00e1l. Ezek az utak azonban m\u00e1r nem csak a turista, de a kult\u00far\u00e1ra \u00e9hes ember felfedez\u0151 \u00fatjai is voltak, amelyekb\u0151l sok-sok cikk sz\u00fcletett!<\/p>\n<p>S mivel \u00e9lni is kell valamib\u0151l, sz\u00edvesen v\u00e1llalok log\u00f3-, sz\u00f3r\u00f3lap-, fejl\u00e9c tervez\u00e9st, illusztr\u00e1l\u00e1st, legyen az k\u00f6nyvbor\u00edt\u00f3, vagy t\u00fara-oklev\u00e9l. 2012-ben \u00a0&#8211; nagy b\u00fcszkes\u00e9gemre &#8211; megnyertem az \u00d6rk\u00e9ny Istv\u00e1n eml\u00e9k\u00e9re rendezett grafikai p\u00e1ly\u00e1zat k\u00fcl\u00f6nd\u00edj\u00e1t. Tervezem akvarelljeim, sz\u00e9nrajzaim, lin\u00f3metszeteim, fot\u00f3- \u00e9s egy\u00e9b mont\u00e1zsaim ki\u00e1ll\u00edt\u00e1s\u00e1t.<\/p>\n<p>&nbsp;<\/p>\n<p>&nbsp;<\/p>\n<p>S most h\u00edvlak T\u00e9ged is, kedves Olvas\u00f3, barangolj velem ezeken a sz\u00edvemnek oly kedves t\u00e1jakon, l\u00e1ss a szememmel, \u00e9s tal\u00e1n azt fogod \u00e9rezni, amit \u00e9n: ez a mi F\u00f6ld\u00fcnk, orsz\u00e1gunk, amely mindig \u00fajra \u00e9s \u00fajra meglep minket\u2026<\/p>\n<p align=\"right\">Hars\u00e1czki Gy\u00f6rgy<\/p>\n","protected":false},"excerpt":{"rendered":"<p>Egerben sz\u00fclettem 1973-ban \u00e9s iskol\u00e1imat is ebben a sz\u00e9p \u00e9s sz\u00ednes kisv\u00e1rosban v\u00e9geztem. Sz\u00fcleim gyakran vittek kir\u00e1ndulni &#8211; testv\u00e9reimmel egy\u00fctt -, de az tal\u00e1n m\u00e9g meghat\u00e1roz\u00f3bb volt az \u00e9letemben, hogy anyai \u00e9s apai nagysz\u00fcleim falun \u00e9ltek (Pal\u00f3cf\u00f6ld, Hegyalja), ahov\u00e1 gyakran elutaztunk. Egri lak\u00f3hely\u00fcnk pedig a v\u00e1ros sz\u00e9l\u00e9n volt, ahonnan egy \u2026 <a class=\"continue-reading-link\" href=\"https:\/\/induljelegyuton.hu\/\"> Continue reading <span class=\"meta-nav\">&rarr; <\/span><\/a><\/p>\n","protected":false},"author":1,"featured_media":0,"parent":0,"menu_order":0,"comment_status":"open","ping_status":"open","template":"","meta":{"ngg_post_thumbnail":0,"footnotes":""},"class_list":["post-114","page","type-page","status-publish","hentry"],"_links":{"self":[{"href":"https:\/\/induljelegyuton.hu\/index.php?rest_route=\/wp\/v2\/pages\/114","targetHints":{"allow":["GET"]}}],"collection":[{"href":"https:\/\/induljelegyuton.hu\/index.php?rest_route=\/wp\/v2\/pages"}],"about":[{"href":"https:\/\/induljelegyuton.hu\/index.php?rest_route=\/wp\/v2\/types\/page"}],"author":[{"embeddable":true,"href":"https:\/\/induljelegyuton.hu\/index.php?rest_route=\/wp\/v2\/users\/1"}],"replies":[{"embeddable":true,"href":"https:\/\/induljelegyuton.hu\/index.php?rest_route=%2Fwp%2Fv2%2Fcomments&post=114"}],"version-history":[{"count":6,"href":"https:\/\/induljelegyuton.hu\/index.php?rest_route=\/wp\/v2\/pages\/114\/revisions"}],"predecessor-version":[{"id":204,"href":"https:\/\/induljelegyuton.hu\/index.php?rest_route=\/wp\/v2\/pages\/114\/revisions\/204"}],"wp:attachment":[{"href":"https:\/\/induljelegyuton.hu\/index.php?rest_route=%2Fwp%2Fv2%2Fmedia&parent=114"}],"curies":[{"name":"wp","href":"https:\/\/api.w.org\/{rel}","templated":true}]}}